{"id":23415,"date":"2024-07-15T10:11:00","date_gmt":"2024-07-15T16:11:00","guid":{"rendered":"https:\/\/coparmexjal.org.mx\/cpx\/?page_id=23415"},"modified":"2026-02-23T08:31:18","modified_gmt":"2026-02-23T14:31:18","slug":"talleres-al-invest","status":"publish","type":"page","link":"https:\/\/coparmexjal.org.mx\/cpx\/talleres-al-invest\/","title":{"rendered":"Talleres Al-Invest"},"content":{"rendered":"<p>[vc_row][vc_column][vc_single_image image=\u00bb23418&#8243; img_size=\u00bbfull\u00bb][\/vc_column][\/vc_row][vc_row][vc_column][vc_empty_space][\/vc_column][\/vc_row][vc_row][vc_column]<div class=\"mec-wrap mec-skin-masonry-container  colorskin-custom  \" id=\"mec_skin_9990\" data-filterby=\"\" data-sortascending=\"1\">\n    \n        <div class=\"mec-skin-masonry-events-container\" id=\"mec_skin_events_9990\">\n        \u00a1No hay eventos!    <\/div>\n    \n    <\/div>\n[\/vc_column][\/vc_row][vc_row][vc_column][vc_empty_space][\/vc_column][\/vc_row][vc_row][vc_column width=\u00bb1\/2&#8243;][vc_empty_space height=\u00bb42px\u00bb][vc_column_text]<span style=\"color: #339966;\"><strong>\u00bfQu\u00e9 es el AL INVEST-Verde?<\/strong><\/span><\/p>\n<p>AL-INVEST Verde es un programa financiado por la Comisi\u00f3n Europea para promover el <b>crecimiento sostenible y la creaci\u00f3n de empleo en Am\u00e9rica Latina.<\/b> Su objetivo es apoyar la transici\u00f3n hacia una econom\u00eda baja en carbono, eficiente en recursos y m\u00e1s circular, para facilitar la implementaci\u00f3n de modelos de producci\u00f3n sostenibles.<\/p>\n<p><span style=\"color: #339966;\"><strong>Objetivos<\/strong><\/span><\/p>\n<p><b>Objetivo global:<\/b> Promover el crecimiento sostenible y la creaci\u00f3n de empleo apoyando la transici\u00f3n hacia una econom\u00eda baja en carbono, eficiente en el uso de recursos y m\u00e1s circular en Am\u00e9rica Latina.<\/p>\n<p><b>Objetivo espec\u00edfico: <\/b>Las PYMEs de Am\u00e9rica Latina adoptan productos, procesos y servicios menos contaminantes y m\u00e1s eficientes en el uso de los recursos, al tiempo que los pa\u00edses adoptan modelos de consumo m\u00e1s sostenibles.[\/vc_column_text][\/vc_column][vc_column width=\u00bb1\/2&#8243;][vc_video link=\u00bbhttps:\/\/youtu.be\/Iw432IiaqhU?si=aMUXAkyXJtzHNQA7&#8243; el_width=\u00bb90&#8243; align=\u00bbcenter\u00bb][\/vc_column][\/vc_row][vc_row][vc_column][vc_empty_space][\/vc_column][\/vc_row][vc_row][vc_column width=\u00bb1\/2&#8243;][vc_images_carousel images=\u00bb23436,23430,23434,23431,23432,23433&#8243; img_size=\u00bbfull\u00bb css=\u00bb.vc_custom_1721065004769{border-radius: 35px !important;}\u00bb][\/vc_column][vc_column width=\u00bb1\/2&#8243;][vc_empty_space height=\u00bb42px\u00bb][vc_column_text]<span style=\"color: #339966;\"><strong>\u00bfQu\u00e9 puede obtener mi empresa al participar?<\/strong><\/span><\/p>\n<ul>\n<li aria-level=\"1\">Acceso a informaci\u00f3n actualizada sobre las problem\u00e1ticas clim\u00e1ticas que nos ata\u00f1en como sociedad y como empresas y c\u00f3mo podemos actuar<\/li>\n<li aria-level=\"1\">Acceso a distintos programas de capacitaci\u00f3n en temas aplicables directamente a mi empresa y su transici\u00f3n a modelos m\u00e1s sustentables<\/li>\n<li aria-level=\"1\">Acompa\u00f1amiento para la aplicaci\u00f3n de buenas pr\u00e1cticas en su modelo de negocios<\/li>\n<li aria-level=\"1\">Acceso a informaci\u00f3n sobre certificaci\u00f3n y financiamientos<\/li>\n<\/ul>\n<p>[\/vc_column_text][\/vc_column][\/vc_row][vc_row][vc_column][vc_empty_space][\/vc_column][\/vc_row][vc_row][vc_column][vc_single_image image=\u00bb23467&#8243; img_size=\u00bbfull\u00bb][\/vc_column][\/vc_row][vc_row][vc_column][vc_empty_space][\/vc_column][\/vc_row][vc_row][vc_column][vc_single_image image=\u00bb24154&#8243; img_size=\u00bbfull\u00bb][\/vc_column][\/vc_row]<\/p>\n","protected":false},"excerpt":{"rendered":"<p>[vc_row][vc_column][vc_single_image image=\u00bb23418&#8243; img_size=\u00bbfull\u00bb][\/vc_column][\/vc_row][vc_row][vc_column][vc_empty_space][\/vc_column][\/vc_row][vc_row][vc_column][\/vc_column][\/vc_row][vc_row][vc_column][vc_empty_space][\/vc_column][\/vc_row][vc_row][vc_column width=\u00bb1\/2&#8243;][vc_empty_space height=\u00bb42px\u00bb][vc_column_text]\u00bfQu\u00e9 es el AL INVEST-Verde? AL-INVEST Verde es un programa financiado por la Comisi\u00f3n Europea para promover el crecimiento sostenible y la creaci\u00f3n de empleo en Am\u00e9rica Latina. Su objetivo es apoyar la transici\u00f3n hacia una econom\u00eda baja en carbono, eficiente en recursos y m\u00e1s circular, para facilitar la implementaci\u00f3n de &hellip; <\/p>\n","protected":false},"author":1,"featured_media":0,"parent":0,"menu_order":0,"comment_status":"closed","ping_status":"closed","template":"","meta":{"footnotes":""},"class_list":["post-23415","page","type-page","status-publish","hentry"],"_links":{"self":[{"href":"https:\/\/coparmexjal.org.mx\/cpx\/wp-json\/wp\/v2\/pages\/23415","targetHints":{"allow":["GET"]}}],"collection":[{"href":"https:\/\/coparmexjal.org.mx\/cpx\/wp-json\/wp\/v2\/pages"}],"about":[{"href":"https:\/\/coparmexjal.org.mx\/cpx\/wp-json\/wp\/v2\/types\/page"}],"author":[{"embeddable":true,"href":"https:\/\/coparmexjal.org.mx\/cpx\/wp-json\/wp\/v2\/users\/1"}],"replies":[{"embeddable":true,"href":"https:\/\/coparmexjal.org.mx\/cpx\/wp-json\/wp\/v2\/comments?post=23415"}],"version-history":[{"count":55,"href":"https:\/\/coparmexjal.org.mx\/cpx\/wp-json\/wp\/v2\/pages\/23415\/revisions"}],"predecessor-version":[{"id":24794,"href":"https:\/\/coparmexjal.org.mx\/cpx\/wp-json\/wp\/v2\/pages\/23415\/revisions\/24794"}],"wp:attachment":[{"href":"https:\/\/coparmexjal.org.mx\/cpx\/wp-json\/wp\/v2\/media?parent=23415"}],"curies":[{"name":"wp","href":"https:\/\/api.w.org\/{rel}","templated":true}]}}